{"id":883,"date":"2024-06-27T19:34:18","date_gmt":"2024-06-27T19:34:18","guid":{"rendered":"https:\/\/saci.cesit.com.br\/?page_id=883"},"modified":"2025-08-25T16:43:18","modified_gmt":"2025-08-25T19:43:18","slug":"sobre","status":"publish","type":"page","link":"https:\/\/saci.uea.edu.br\/?page_id=883","title":{"rendered":"Sobre"},"content":{"rendered":"\t\t<div data-elementor-type=\"wp-page\" data-elementor-id=\"883\" class=\"elementor elementor-883\">\n\t\t\t\t<div class=\"elementor-element elementor-element-c50aef2 e-grid e-con-full e-con e-parent\" data-id=\"c50aef2\" data-element_type=\"container\" data-settings=\"{&quot;background_background&quot;:&quot;video&quot;,&quot;background_video_link&quot;:&quot;https:\\\/\\\/youtu.be\\\/BTFgk7bD3Wo?si=fDv-7NrTgLkt2-60&quot;,&quot;background_play_on_mobile&quot;:&quot;yes&quot;}\">\n\t\t<div class=\"elementor-background-video-container\" aria-hidden=\"true\">\n\t\t\t\t\t\t\t<div class=\"elementor-background-video-embed\"><\/div>\n\t\t\t\t\t\t<\/div><div class=\"elementor-element elementor-element-f45f3a8 e-flex e-con-boxed e-con e-child\" data-id=\"f45f3a8\" data-element_type=\"container\">\n\t\t\t\t\t<div class=\"e-con-inner\">\n\t\t\t\t\t<\/div>\n\t\t\t\t<\/div>\n\t\t<div class=\"elementor-element elementor-element-113e984 e-con-full e-flex e-con e-child\" data-id=\"113e984\" data-element_type=\"container\">\n\t\t\t\t<div class=\"elementor-element elementor-element-feb81e3 elementor-widget__width-inherit elementor-widget elementor-widget-text-editor\" data-id=\"feb81e3\" data-element_type=\"widget\" data-widget_type=\"text-editor.default\">\n\t\t\t\t<div class=\"elementor-widget-container\">\n\t\t\t\t\t\t\t\t\t<p><span style=\"color: #ffffff;\">LOCAL DO EVENTO<\/span><\/p>\t\t\t\t\t\t\t\t<\/div>\n\t\t\t\t<\/div>\n\t\t\t\t<div class=\"elementor-element elementor-element-22b84b9 elementor-widget__width-inherit elementor-widget elementor-widget-text-editor\" data-id=\"22b84b9\" data-element_type=\"widget\" data-widget_type=\"text-editor.default\">\n\t\t\t\t<div class=\"elementor-widget-container\">\n\t\t\t\t\t\t\t\t\t<p><span style=\"color: #00ff00;\">ITACOATIARA-AM<\/span><\/p>\t\t\t\t\t\t\t\t<\/div>\n\t\t\t\t<\/div>\n\t\t\t\t<div class=\"elementor-element elementor-element-351e6fd elementor-widget__width-inherit elementor-widget-mobile__width-initial elementor-widget elementor-widget-text-editor\" data-id=\"351e6fd\" data-element_type=\"widget\" data-widget_type=\"text-editor.default\">\n\t\t\t\t<div class=\"elementor-widget-container\">\n\t\t\t\t\t\t\t\t\t<h4><span style=\"color: #ffffff;\">O SACI \u00e9 realizado no CESIT-UEA. <\/span><\/h4><h4><span style=\"color: #ffffff;\">Local privilegiado, na cidade da Pedra Pintada.<\/span><\/h4>\t\t\t\t\t\t\t\t<\/div>\n\t\t\t\t<\/div>\n\t\t\t\t<\/div>\n\t\t\t\t<\/div>\n\t\t<div class=\"elementor-element elementor-element-5e0422a e-flex e-con-boxed e-con e-parent\" data-id=\"5e0422a\" data-element_type=\"container\">\n\t\t\t\t\t<div class=\"e-con-inner\">\n\t\t\t\t<div class=\"elementor-element elementor-element-ab35eba elementor-widget elementor-widget-text-editor\" data-id=\"ab35eba\" data-element_type=\"widget\" data-widget_type=\"text-editor.default\">\n\t\t\t\t<div class=\"elementor-widget-container\">\n\t\t\t\t\t\t\t\t\t<h4><strong data-start=\"259\" data-end=\"288\">Contexto institucional<\/strong><\/h4><p>O <strong data-start=\"293\" data-end=\"348\">Centro de Estudos Superiores de Itacoatiara (CESIT)<\/strong> \u00e9 uma das unidades acad\u00eamicas da <strong data-start=\"382\" data-end=\"426\">Universidade do Estado do Amazonas (UEA)<\/strong>, criada com a miss\u00e3o de interiorizar o ensino superior no estado e atender \u00e0s demandas educacionais, cient\u00edficas e sociais da regi\u00e3o do M\u00e9dio Amazonas. Localizado na cidade de Itacoatiara-AM, o CESIT funciona como um polo de forma\u00e7\u00e3o profissional e de produ\u00e7\u00e3o de conhecimento, aproximando a universidade das comunidades do interior.<\/p><p>\u00a0<\/p><h4 data-start=\"762\" data-end=\"1396\"><strong data-start=\"762\" data-end=\"792\">Hist\u00f3ria e consolida\u00e7\u00e3o<\/strong><\/h4><p data-start=\"762\" data-end=\"1396\">A UEA foi institu\u00edda em 2001 e, desde ent\u00e3o, estruturou uma rede de Centros de Estudos e N\u00facleos de Ensino para alcan\u00e7ar diferentes munic\u00edpios. O CESIT integra essa rede de interioriza\u00e7\u00e3o e tem se consolidado como refer\u00eancia regional ao longo de sua trajet\u00f3ria, com destaque para cursos de gradua\u00e7\u00e3o, pesquisas cient\u00edficas e projetos de extens\u00e3o que dialogam diretamente com as necessidades amaz\u00f4nicas, incluindo educa\u00e7\u00e3o, ci\u00eancia, tecnologia e inova\u00e7\u00e3o. A unidade conta com uma dire\u00e7\u00e3o pr\u00f3pria, atualmente sob a dire\u00e7\u00e3o do Prof. Dr. <strong data-start=\"1310\" data-end=\"1342\">Lu\u00eds Ant\u00f4nio de Ara\u00fajo Pinto<\/strong>, e coordena\u00e7\u00e3o de qualidade do Prof. Me. <strong data-start=\"1374\" data-end=\"1395\">Franciano Antunes<\/strong>.<\/p><p data-start=\"762\" data-end=\"1396\">\u00a0<\/p><h4 data-start=\"1398\" data-end=\"2016\"><strong data-start=\"1398\" data-end=\"1442\">Forma\u00e7\u00e3o acad\u00eamica e impacto regional<\/strong><\/h4><p data-start=\"1398\" data-end=\"2016\">Ao longo de sua hist\u00f3ria, o CESIT tem formado centenas de profissionais em diversas \u00e1reas, fortalecendo a m\u00e3o de obra qualificada no interior do Amazonas. Os cursos ofertados, como a <strong data-start=\"1628\" data-end=\"1658\">Licenciatura em Computa\u00e7\u00e3o<\/strong>, t\u00eam papel central na forma\u00e7\u00e3o docente e na populariza\u00e7\u00e3o do ensino de Computa\u00e7\u00e3o e tecnologias digitais, tanto na Educa\u00e7\u00e3o B\u00e1sica quanto no Ensino Superior. Os egressos do CESIT atuam em escolas p\u00fablicas, institui\u00e7\u00f5es privadas, \u00f3rg\u00e3os governamentais e iniciativas de inova\u00e7\u00e3o tecnol\u00f3gica, contribuindo para o desenvolvimento educacional, tecnol\u00f3gico, sustent\u00e1vel e social da regi\u00e3o.<\/p><p data-start=\"1398\" data-end=\"2016\">\u00a0<\/p><h4 data-start=\"2018\" data-end=\"2612\"><strong data-start=\"2018\" data-end=\"2058\">Atividades de extens\u00e3o e pesquisa<\/strong><\/h4><p data-start=\"2018\" data-end=\"2612\">O CESIT se destaca tamb\u00e9m pela realiza\u00e7\u00e3o de atividades extensionistas e cient\u00edficas, que conectam a universidade \u00e0s comunidades locais. Projetos como oficinas de programa\u00e7\u00e3o, cultura maker e inclus\u00e3o digital t\u00eam alcan\u00e7ado jovens e professores, promovendo forma\u00e7\u00e3o cidad\u00e3 e inova\u00e7\u00e3o social. Al\u00e9m disso, eventos acad\u00eamicos, como a tradicional <strong data-start=\"2403\" data-end=\"2443\">Semana de Inform\u00e1tica de Itacoatiara<\/strong>, transformada em <strong data-start=\"2461\" data-end=\"2515\">Simp\u00f3sio Amaz\u00f4nico de Computa\u00e7\u00e3o e Inova\u00e7\u00e3o (SACI)<\/strong>, refor\u00e7am o papel do CESIT como difusor de ci\u00eancia, tecnologia e inova\u00e7\u00e3o no interior do estado.<\/p><p data-start=\"2614\" data-end=\"3154\">\u00a0<\/p><h4 data-start=\"2614\" data-end=\"3154\"><strong data-start=\"2614\" data-end=\"2644\">Infraestrutura e futuro<\/strong><\/h4><p data-start=\"2614\" data-end=\"3154\">A unidade disp\u00f5e de salas de aula, laborat\u00f3rios de inform\u00e1tica, o <strong data-start=\"2713\" data-end=\"2734\">Laborat\u00f3rio Maker<\/strong> e espa\u00e7os que fortalecem a pr\u00e1tica acad\u00eamica e cient\u00edfica. A expectativa \u00e9 ampliar ainda mais sua infraestrutura e atividades nos pr\u00f3ximos anos, consolidando o CESIT como um centro de refer\u00eancia em educa\u00e7\u00e3o superior no interior do Amazonas. Nesse sentido, o SACI 2025 \u00e9 um marco que simboliza a voca\u00e7\u00e3o do CESIT para integrar <strong data-start=\"3076\" data-end=\"3107\">ensino, pesquisa e extens\u00e3o<\/strong>, sempre em di\u00e1logo com as demandas amaz\u00f4nicas.<\/p>\t\t\t\t\t\t\t\t<\/div>\n\t\t\t\t<\/div>\n\t\t\t\t\t<\/div>\n\t\t\t\t<\/div>\n\t\t\t\t<\/div>\n\t\t","protected":false},"excerpt":{"rendered":"<p>LOCAL DO EVENTO ITACOATIARA-AM O SACI \u00e9 realizado no CESIT-UEA. Local privilegiado, na cidade da Pedra Pintada. Contexto institucional O Centro de Estudos Superiores de Itacoatiara (CESIT) \u00e9 uma das unidades acad\u00eamicas da Universidade do Estado do Amazonas (UEA), criada com a miss\u00e3o de interiorizar o ensino superior no estado e atender \u00e0s demandas educacionais, [&hellip;]<\/p>\n","protected":false},"author":1,"featured_media":0,"parent":0,"menu_order":0,"comment_status":"closed","ping_status":"closed","template":"elementor_header_footer","meta":{"footnotes":""},"class_list":["post-883","page","type-page","status-publish","hentry"],"_links":{"self":[{"href":"https:\/\/saci.uea.edu.br\/index.php?rest_route=\/wp\/v2\/pages\/883","targetHints":{"allow":["GET"]}}],"collection":[{"href":"https:\/\/saci.uea.edu.br\/index.php?rest_route=\/wp\/v2\/pages"}],"about":[{"href":"https:\/\/saci.uea.edu.br\/index.php?rest_route=\/wp\/v2\/types\/page"}],"author":[{"embeddable":true,"href":"https:\/\/saci.uea.edu.br\/index.php?rest_route=\/wp\/v2\/users\/1"}],"replies":[{"embeddable":true,"href":"https:\/\/saci.uea.edu.br\/index.php?rest_route=%2Fwp%2Fv2%2Fcomments&post=883"}],"version-history":[{"count":10,"href":"https:\/\/saci.uea.edu.br\/index.php?rest_route=\/wp\/v2\/pages\/883\/revisions"}],"predecessor-version":[{"id":1479,"href":"https:\/\/saci.uea.edu.br\/index.php?rest_route=\/wp\/v2\/pages\/883\/revisions\/1479"}],"wp:attachment":[{"href":"https:\/\/saci.uea.edu.br\/index.php?rest_route=%2Fwp%2Fv2%2Fmedia&parent=883"}],"curies":[{"name":"wp","href":"https:\/\/api.w.org\/{rel}","templated":true}]}}