{"id":324,"date":"2024-06-17T03:55:42","date_gmt":"2024-06-17T03:55:42","guid":{"rendered":"https:\/\/saci.cesit.com.br\/?page_id=324"},"modified":"2025-08-25T17:26:40","modified_gmt":"2025-08-25T20:26:40","slug":"organizacao","status":"publish","type":"page","link":"https:\/\/saci.uea.edu.br\/?page_id=324","title":{"rendered":"Organiza\u00e7\u00e3o"},"content":{"rendered":"\t\t<div data-elementor-type=\"wp-page\" data-elementor-id=\"324\" class=\"elementor elementor-324\">\n\t\t\t\t<div class=\"elementor-element elementor-element-6765e3c e-flex e-con-boxed e-con e-parent\" data-id=\"6765e3c\" data-element_type=\"container\">\n\t\t\t\t\t<div class=\"e-con-inner\">\n\t\t\t\t<div class=\"elementor-element elementor-element-c2c8ab7 elementor-widget elementor-widget-text-editor\" data-id=\"c2c8ab7\" data-element_type=\"widget\" data-widget_type=\"text-editor.default\">\n\t\t\t\t<div class=\"elementor-widget-container\">\n\t\t\t\t\t\t\t\t\t<h4>Coordenador do SACI 2025<\/h4><p>Genarde Macedo Trindade (UEA) | <a href=\"mailto:gmtrindade@uea.edu.br\">gmtrindade@uea.edu.br<\/a><\/p><p>\u00a0<\/p><h4>Membros do Comit\u00ea T\u00e9cnico-Cient\u00edfico\u00a0<\/h4><p>Kleber Padovani de Souza (UEA) | <a href=\"mailto:padovani@uea.edu.br\">padovani@uea.edu.br<\/a><\/p><p>Dayane Rosas de Souza (SESI) | <a href=\"mailto:dayanerosas@gmail.com\">dayanerosas@gmail.com<\/a><\/p><p>Ethel Silva de Oliveira (UEA) | <a href=\"mailto:eoliveira@uea.edu.br\">eoliveira@uea.edu.br <\/a><\/p><p>Itamara Parente de Souza (UEA) |\u00a0<a href=\"mailto:ipsouza@uea.edu.br\">ipsouza@uea.edu.br<\/a><\/p><p>Deolinda Lucienne Ferreira (UEA) | <a href=\"mailto:dlferreira@uea.edu.br\">dlferreira@uea.edu.br<\/a><\/p><p>Karen Cristina Barreto Trov\u00e3o Rodrigues (UEA) | <a href=\"mailto:krodrigues@uea.edu.br\">krodrigues@uea.edu.br<\/a><\/p><p>Jhonathan Ara\u00fajo Oliveira (UEA) | <a href=\"mailto:jholiveira@uea.edu.br\">jholiveira@uea.edu.br<\/a><\/p><p>\u00a0<\/p><h4>Membros do Comiss\u00e3o Organizadora\u00a0<\/h4><p>Joao da Mata Lib\u00f3rio Filho (UEA) | <a href=\"mailto:jlfilho@uea.edu.br\">jlfilho@uea.edu.br<\/a><\/p><p>Luiz S\u00e9rgio de Oliveira Barbosa (UEA) |<a href=\"mailto:lsergio@uea.edu.br\"> lsergio@uea.edu.br<\/a><\/p><p>Franciano Antunes (UEA) | <a href=\"mailto:fantunes@uea.edu.br\">fantunes@uea.edu.br<\/a><\/p><p>Eric Teles Bezerra (UEA) | <a href=\"mailto:etbezerra@uea.edu.br\">etbezerra@uea.edu.br<\/a><\/p><p>Elis\u00e2ngela Silva de Oliveira (UEA) | <a href=\"mailto:esoliveira@uea.edu.br\">esoliveira@uea.edu.br<\/a><\/p><p>Kayro Figueira Pires (UEA) | <a href=\"mailto:kayro@uea.edu.br\">kayro@uea.edu.br<\/a><\/p>\t\t\t\t\t\t\t\t<\/div>\n\t\t\t\t<\/div>\n\t\t\t\t\t<\/div>\n\t\t\t\t<\/div>\n\t\t\t\t<\/div>\n\t\t","protected":false},"excerpt":{"rendered":"<p>Coordenador do SACI 2025 Genarde Macedo Trindade (UEA) | gmtrindade@uea.edu.br \u00a0 Membros do Comit\u00ea T\u00e9cnico-Cient\u00edfico\u00a0 Kleber Padovani de Souza (UEA) | padovani@uea.edu.br Dayane Rosas de Souza (SESI) | dayanerosas@gmail.com Ethel Silva de Oliveira (UEA) | eoliveira@uea.edu.br Itamara Parente de Souza (UEA) |\u00a0ipsouza@uea.edu.br Deolinda Lucienne Ferreira (UEA) | dlferreira@uea.edu.br Karen Cristina Barreto Trov\u00e3o Rodrigues (UEA) | [&hellip;]<\/p>\n","protected":false},"author":1,"featured_media":0,"parent":0,"menu_order":0,"comment_status":"closed","ping_status":"closed","template":"elementor_header_footer","meta":{"footnotes":""},"class_list":["post-324","page","type-page","status-publish","hentry"],"_links":{"self":[{"href":"https:\/\/saci.uea.edu.br\/index.php?rest_route=\/wp\/v2\/pages\/324","targetHints":{"allow":["GET"]}}],"collection":[{"href":"https:\/\/saci.uea.edu.br\/index.php?rest_route=\/wp\/v2\/pages"}],"about":[{"href":"https:\/\/saci.uea.edu.br\/index.php?rest_route=\/wp\/v2\/types\/page"}],"author":[{"embeddable":true,"href":"https:\/\/saci.uea.edu.br\/index.php?rest_route=\/wp\/v2\/users\/1"}],"replies":[{"embeddable":true,"href":"https:\/\/saci.uea.edu.br\/index.php?rest_route=%2Fwp%2Fv2%2Fcomments&post=324"}],"version-history":[{"count":3,"href":"https:\/\/saci.uea.edu.br\/index.php?rest_route=\/wp\/v2\/pages\/324\/revisions"}],"predecessor-version":[{"id":1455,"href":"https:\/\/saci.uea.edu.br\/index.php?rest_route=\/wp\/v2\/pages\/324\/revisions\/1455"}],"wp:attachment":[{"href":"https:\/\/saci.uea.edu.br\/index.php?rest_route=%2Fwp%2Fv2%2Fmedia&parent=324"}],"curies":[{"name":"wp","href":"https:\/\/api.w.org\/{rel}","templated":true}]}}