{"id":26,"date":"2024-06-14T16:52:43","date_gmt":"2024-06-14T16:52:43","guid":{"rendered":"https:\/\/saci.cesit.com.br\/?page_id=26"},"modified":"2025-08-26T10:46:52","modified_gmt":"2025-08-26T13:46:52","slug":"home","status":"publish","type":"page","link":"https:\/\/saci.uea.edu.br\/","title":{"rendered":"Home"},"content":{"rendered":"\t\t<div data-elementor-type=\"wp-page\" data-elementor-id=\"26\" class=\"elementor elementor-26\">\n\t\t\t\t<div class=\"elementor-element elementor-element-1f7eb26 e-flex e-con-boxed e-con e-parent\" data-id=\"1f7eb26\" data-element_type=\"container\" data-settings=\"{&quot;background_background&quot;:&quot;classic&quot;}\">\n\t\t\t\t\t<div class=\"e-con-inner\">\n\t\t<div class=\"elementor-element elementor-element-f37d0fc e-con-full e-grid e-con e-child\" data-id=\"f37d0fc\" data-element_type=\"container\" data-settings=\"{&quot;background_background&quot;:&quot;classic&quot;}\">\n\t\t\t\t<div class=\"elementor-element elementor-element-a7d292a elementor-widget__width-initial e-transform elementor-widget elementor-widget-heading\" data-id=\"a7d292a\" data-element_type=\"widget\" data-settings=\"{&quot;_transform_scale_effect&quot;:{&quot;unit&quot;:&quot;px&quot;,&quot;size&quot;:&quot;&quot;,&quot;sizes&quot;:[]},&quot;_transform_scale_effect_tablet&quot;:{&quot;unit&quot;:&quot;px&quot;,&quot;size&quot;:&quot;&quot;,&quot;sizes&quot;:[]},&quot;_transform_scale_effect_mobile&quot;:{&quot;unit&quot;:&quot;px&quot;,&quot;size&quot;:&quot;&quot;,&quot;sizes&quot;:[]}}\" data-widget_type=\"heading.default\">\n\t\t\t\t<div class=\"elementor-widget-container\">\n\t\t\t\t\t<h2 class=\"elementor-heading-title elementor-size-default\">XVII  Simp\u00f3sio Amaz\u00f4nico de computa\u00e7\u00e3o e inova\u00e7\u00e3o<\/h2>\t\t\t\t<\/div>\n\t\t\t\t<\/div>\n\t\t\t\t<div class=\"elementor-element elementor-element-99a9dfa elementor-widget__width-initial e-transform elementor-widget elementor-widget-heading\" data-id=\"99a9dfa\" data-element_type=\"widget\" data-settings=\"{&quot;_transform_scale_effect&quot;:{&quot;unit&quot;:&quot;px&quot;,&quot;size&quot;:&quot;&quot;,&quot;sizes&quot;:[]},&quot;_transform_scale_effect_tablet&quot;:{&quot;unit&quot;:&quot;px&quot;,&quot;size&quot;:&quot;&quot;,&quot;sizes&quot;:[]},&quot;_transform_scale_effect_mobile&quot;:{&quot;unit&quot;:&quot;px&quot;,&quot;size&quot;:&quot;&quot;,&quot;sizes&quot;:[]}}\" data-widget_type=\"heading.default\">\n\t\t\t\t<div class=\"elementor-widget-container\">\n\t\t\t\t\t<h2 class=\"elementor-heading-title elementor-size-default\">12 a 14 de novembro - Itacoatiara - am<\/h2>\t\t\t\t<\/div>\n\t\t\t\t<\/div>\n\t\t\t\t<\/div>\n\t\t<div class=\"elementor-element elementor-element-28d3530 e-con-full e-grid e-con e-child\" data-id=\"28d3530\" data-element_type=\"container\" data-settings=\"{&quot;background_background&quot;:&quot;classic&quot;}\">\n\t\t\t\t<div class=\"elementor-element elementor-element-6320961 elementor-widget__width-initial e-transform elementor-widget elementor-widget-heading\" data-id=\"6320961\" data-element_type=\"widget\" data-settings=\"{&quot;_transform_scale_effect&quot;:{&quot;unit&quot;:&quot;px&quot;,&quot;size&quot;:&quot;&quot;,&quot;sizes&quot;:[]},&quot;_transform_scale_effect_tablet&quot;:{&quot;unit&quot;:&quot;px&quot;,&quot;size&quot;:&quot;&quot;,&quot;sizes&quot;:[]},&quot;_transform_scale_effect_mobile&quot;:{&quot;unit&quot;:&quot;px&quot;,&quot;size&quot;:&quot;&quot;,&quot;sizes&quot;:[]}}\" data-widget_type=\"heading.default\">\n\t\t\t\t<div class=\"elementor-widget-container\">\n\t\t\t\t\t<h2 class=\"elementor-heading-title elementor-size-default\">Computa\u00e7\u00e3o, Educa\u00e7\u00e3o e Inova\u00e7\u00e3o para o Desenvolvimento Sustent\u00e1vel na Amaz\u00f4nia<\/h2>\t\t\t\t<\/div>\n\t\t\t\t<\/div>\n\t\t\t\t<\/div>\n\t\t<div class=\"elementor-element elementor-element-96c52cf e-con-full e-flex e-con e-child\" data-id=\"96c52cf\" data-element_type=\"container\" data-settings=\"{&quot;background_background&quot;:&quot;classic&quot;}\">\n\t\t\t\t<\/div>\n\t\t\t\t\t<\/div>\n\t\t\t\t<\/div>\n\t\t<div class=\"elementor-element elementor-element-561a5e9 e-grid e-con-full e-con e-parent\" data-id=\"561a5e9\" data-element_type=\"container\">\n\t\t<div class=\"elementor-element elementor-element-4821c13 e-con-full e-flex e-con e-child\" data-id=\"4821c13\" data-element_type=\"container\">\n\t\t\t\t<div class=\"elementor-element elementor-element-31e1a34 elementor-widget__width-initial elementor-widget elementor-widget-text-editor\" data-id=\"31e1a34\" data-element_type=\"widget\" data-widget_type=\"text-editor.default\">\n\t\t\t\t<div class=\"elementor-widget-container\">\n\t\t\t\t\t\t\t\t\t<h2><span style=\"color: #157c2e;\">Sobre o CESIT<\/span><\/h2><p>O\u00a0<strong>Centro de Estudos Superiores de Itacoatiara (CESIT)<\/strong>, vinculado \u00e0\u00a0<strong>Universidade do Estado do Amazonas (UEA)<\/strong>, \u00e9 uma institui\u00e7\u00e3o de ensino superior que oferece diversos cursos. Al\u00e9m de proporcionar uma forma\u00e7\u00e3o acad\u00eamica s\u00f3lida, o CESIT promove eventos e atividades que enriquecem a experi\u00eancia dos estudantes.<\/p><p>Dentre os cursos oferecidos, destaco o\u00a0<strong>Curso de Licenciatura em Computa\u00e7\u00e3o<\/strong>. Esse curso prepara futuros professores e profissionais da \u00e1rea de computa\u00e7\u00e3o, abordando quest\u00f5es sociais, \u00e9ticas e human\u00edsticas. Os licenciados em computa\u00e7\u00e3o podem atuar como professores em escolas p\u00fablicas ou privadas, al\u00e9m de desempenhar fun\u00e7\u00f5es como analistas consultores e gestores de tecnologias educacionais.<\/p>\t\t\t\t\t\t\t\t<\/div>\n\t\t\t\t<\/div>\n\t\t\t\t<\/div>\n\t\t<div class=\"elementor-element elementor-element-68d8c3b e-con-full e-flex e-con e-child\" data-id=\"68d8c3b\" data-element_type=\"container\" data-settings=\"{&quot;background_background&quot;:&quot;classic&quot;}\">\n\t\t\t\t<div class=\"elementor-element elementor-element-96105fb elementor-widget elementor-widget-image\" data-id=\"96105fb\" data-element_type=\"widget\" data-widget_type=\"image.default\">\n\t\t\t\t<div class=\"elementor-widget-container\">\n\t\t\t\t\t\t\t\t\t\t\t\t\t\t\t<img fetchpriority=\"high\" decoding=\"async\" width=\"800\" height=\"450\" src=\"https:\/\/saci.uea.edu.br\/wp-content\/uploads\/2024\/06\/WhatsApp-Image-2024-04-16-at-15.38.57-1-1024x576.jpeg\" class=\"attachment-large size-large wp-image-615\" alt=\"\" srcset=\"https:\/\/saci.uea.edu.br\/wp-content\/uploads\/2024\/06\/WhatsApp-Image-2024-04-16-at-15.38.57-1-1024x576.jpeg 1024w, https:\/\/saci.uea.edu.br\/wp-content\/uploads\/2024\/06\/WhatsApp-Image-2024-04-16-at-15.38.57-1-300x169.jpeg 300w, https:\/\/saci.uea.edu.br\/wp-content\/uploads\/2024\/06\/WhatsApp-Image-2024-04-16-at-15.38.57-1-768x432.jpeg 768w, https:\/\/saci.uea.edu.br\/wp-content\/uploads\/2024\/06\/WhatsApp-Image-2024-04-16-at-15.38.57-1-1536x864.jpeg 1536w, https:\/\/saci.uea.edu.br\/wp-content\/uploads\/2024\/06\/WhatsApp-Image-2024-04-16-at-15.38.57-1.jpeg 1600w\" sizes=\"(max-width: 800px) 100vw, 800px\" \/>\t\t\t\t\t\t\t\t\t\t\t\t\t\t\t<\/div>\n\t\t\t\t<\/div>\n\t\t\t\t<\/div>\n\t\t\t\t<\/div>\n\t\t<div class=\"elementor-element elementor-element-9e6ce8f e-grid e-con-boxed e-con e-parent\" data-id=\"9e6ce8f\" data-element_type=\"container\" data-settings=\"{&quot;background_background&quot;:&quot;classic&quot;}\">\n\t\t\t\t\t<div class=\"e-con-inner\">\n\t\t<div class=\"elementor-element elementor-element-aecaaf2 e-con-full e-flex e-con e-child\" data-id=\"aecaaf2\" data-element_type=\"container\">\n\t\t\t\t<div class=\"elementor-element elementor-element-c869607 elementor-widget__width-initial elementor-widget elementor-widget-image\" data-id=\"c869607\" data-element_type=\"widget\" data-widget_type=\"image.default\">\n\t\t\t\t<div class=\"elementor-widget-container\">\n\t\t\t\t\t\t\t\t\t\t\t\t\t\t\t<img decoding=\"async\" width=\"700\" height=\"407\" src=\"https:\/\/saci.uea.edu.br\/wp-content\/uploads\/2025\/08\/WhatsApp-Image-2025-08-21-at-20.16.05.jpeg\" class=\"attachment-large size-large wp-image-1394\" alt=\"\" srcset=\"https:\/\/saci.uea.edu.br\/wp-content\/uploads\/2025\/08\/WhatsApp-Image-2025-08-21-at-20.16.05.jpeg 700w, https:\/\/saci.uea.edu.br\/wp-content\/uploads\/2025\/08\/WhatsApp-Image-2025-08-21-at-20.16.05-300x174.jpeg 300w\" sizes=\"(max-width: 700px) 100vw, 700px\" \/>\t\t\t\t\t\t\t\t\t\t\t\t\t\t\t<\/div>\n\t\t\t\t<\/div>\n\t\t\t\t<\/div>\n\t\t\t\t<div class=\"elementor-element elementor-element-4b8bc6f elementor-widget__width-initial elementor-widget elementor-widget-text-editor\" data-id=\"4b8bc6f\" data-element_type=\"widget\" data-widget_type=\"text-editor.default\">\n\t\t\t\t<div class=\"elementor-widget-container\">\n\t\t\t\t\t\t\t\t\t<h2><span style=\"color: #157c2e;\">Sobre o SACI<\/span><\/h2><p>A<b> Semana de Inform\u00e1tica<\/b> passar\u00e1 a ser o<b> Simp\u00f3sio Amaz\u00f4nico de Computa\u00e7\u00e3o e Inova\u00e7\u00e3o (SACI)<\/b> que corresponde a VXII edi\u00e7\u00e3o do evento cient\u00edfico promovido pelos professores e alunos do curso de Licenciatura em Computa\u00e7\u00e3o do CESIT\/UEA. O evento visa oportunizar aos participantes acesso a novos conhecimentos, conceitos e tecnologias por interm\u00e9dio de diversas atividades, tais como, palestras, oficinas, minicursos, workshop e apresenta\u00e7\u00e3o de artigos. As atividades desta edi\u00e7\u00e3o, assim como vem ocorrendo nas edi\u00e7\u00f5es anteriores, estar\u00e3o relacionadas a temas das \u00e1reas da computa\u00e7\u00e3o, educa\u00e7\u00e3o e inova\u00e7\u00e3o e alinhadas com os temas da Semana Nacional de Ci\u00eancia e Tecnologia (SNCT) e da Semana Estadual de CT&amp;I no Amazonas (SECTI).O evento tem como objetivo geral promover a populariza\u00e7\u00e3o da ci\u00eancia e tecnologia relacionada \u00e0 Computa\u00e7\u00e3o, com \u00eanfase voltada \u00e0 computa\u00e7\u00e3o na educa\u00e7\u00e3o e desenvolvimento da Ci\u00eancia e Tecnologia e Inova\u00e7\u00e3o.<\/p>\t\t\t\t\t\t\t\t<\/div>\n\t\t\t\t<\/div>\n\t\t\t\t\t<\/div>\n\t\t\t\t<\/div>\n\t\t<div class=\"elementor-element elementor-element-8cd690b e-flex e-con-boxed e-con e-parent\" data-id=\"8cd690b\" data-element_type=\"container\" id=\"eventos_satelites\" data-settings=\"{&quot;background_background&quot;:&quot;classic&quot;}\">\n\t\t\t\t\t<div class=\"e-con-inner\">\n\t\t\t\t<div class=\"elementor-element elementor-element-e490d6c elementor-widget elementor-widget-menu-anchor\" data-id=\"e490d6c\" data-element_type=\"widget\" data-widget_type=\"menu-anchor.default\">\n\t\t\t\t<div class=\"elementor-widget-container\">\n\t\t\t\t\t\t\t<div class=\"elementor-menu-anchor\" id=\"eventos_satelites\"><\/div>\n\t\t\t\t\t\t<\/div>\n\t\t\t\t<\/div>\n\t\t\t\t<div class=\"elementor-element elementor-element-611416f elementor-widget elementor-widget-text-editor\" data-id=\"611416f\" data-element_type=\"widget\" data-widget_type=\"text-editor.default\">\n\t\t\t\t<div class=\"elementor-widget-container\">\n\t\t\t\t\t\t\t\t\t<p>Eventos Sat\u00e9lites<\/p>\t\t\t\t\t\t\t\t<\/div>\n\t\t\t\t<\/div>\n\t\t\t\t<div class=\"elementor-element elementor-element-42f3953 elementor-widget elementor-widget-text-editor\" data-id=\"42f3953\" data-element_type=\"widget\" data-widget_type=\"text-editor.default\">\n\t\t\t\t<div class=\"elementor-widget-container\">\n\t\t\t\t\t\t\t\t\t<p style=\"text-align: center;\">O SACI conta com <strong>Eventos Sat\u00e9lites<\/strong>, que acontecem todos os anos e alguns eventos especiais. Selecione os eventos na lista abaixo para obter mais informa\u00e7\u00f5es (em atualiza\u00e7\u00e3o).<\/p>\t\t\t\t\t\t\t\t<\/div>\n\t\t\t\t<\/div>\n\t\t\t\t\t<\/div>\n\t\t\t\t<\/div>\n\t\t<div class=\"elementor-element elementor-element-c18a141 e-grid animated-fast e-con-boxed elementor-invisible e-con e-parent\" data-id=\"c18a141\" data-element_type=\"container\" data-settings=\"{&quot;animation&quot;:&quot;fadeIn&quot;,&quot;animation_delay&quot;:100,&quot;background_background&quot;:&quot;classic&quot;}\">\n\t\t\t\t\t<div class=\"e-con-inner\">\n\t\t<a class=\"elementor-element elementor-element-3a3a826 e-con-full e-flex e-con e-child\" data-id=\"3a3a826\" data-element_type=\"container\" href=\"https:\/\/saci.cesit.com.br\/evento-1\/\">\n\t\t\t\t<div class=\"elementor-element elementor-element-fe40580 elementor-widget elementor-widget-text-editor\" data-id=\"fe40580\" data-element_type=\"widget\" data-widget_type=\"text-editor.default\">\n\t\t\t\t<div class=\"elementor-widget-container\">\n\t\t\t\t\t\t\t\t\t<h2><strong>HC<\/strong><\/h2><h4>HackComp<\/h4>\t\t\t\t\t\t\t\t<\/div>\n\t\t\t\t<\/div>\n\t\t\t\t<\/a>\n\t\t<a class=\"elementor-element elementor-element-31971f0 e-con-full e-flex e-con e-child\" data-id=\"31971f0\" data-element_type=\"container\" href=\"https:\/\/saci.cesit.com.br\/wlceb\/\">\n\t\t\t\t<div class=\"elementor-element elementor-element-fa68625 elementor-widget elementor-widget-text-editor\" data-id=\"fa68625\" data-element_type=\"widget\" data-widget_type=\"text-editor.default\">\n\t\t\t\t<div class=\"elementor-widget-container\">\n\t\t\t\t\t\t\t\t\t<h2><b>LM<\/b><\/h2><h4>Lab Maker<\/h4>\t\t\t\t\t\t\t\t<\/div>\n\t\t\t\t<\/div>\n\t\t\t\t<\/a>\n\t\t<a class=\"elementor-element elementor-element-a7a3086 e-con-full e-flex e-con e-child\" data-id=\"a7a3086\" data-element_type=\"container\" href=\"https:\/\/saci.cesit.com.br\/evento-3\/\">\n\t\t\t\t<div class=\"elementor-element elementor-element-509256c elementor-widget elementor-widget-text-editor\" data-id=\"509256c\" data-element_type=\"widget\" data-widget_type=\"text-editor.default\">\n\t\t\t\t<div class=\"elementor-widget-container\">\n\t\t\t\t\t\t\t\t\t<h2><strong>MP<\/strong><\/h2><h4>Maratona de Programa\u00e7\u00e3o<\/h4>\t\t\t\t\t\t\t\t<\/div>\n\t\t\t\t<\/div>\n\t\t\t\t<\/a>\n\t\t<a class=\"elementor-element elementor-element-ebe29e7 e-con-full e-flex e-con e-child\" data-id=\"ebe29e7\" data-element_type=\"container\" href=\"https:\/\/saci.cesit.com.br\/mostra-de-trabalhos-academicos\/\">\n\t\t\t\t<div class=\"elementor-element elementor-element-bb6964f elementor-widget elementor-widget-text-editor\" data-id=\"bb6964f\" data-element_type=\"widget\" data-widget_type=\"text-editor.default\">\n\t\t\t\t<div class=\"elementor-widget-container\">\n\t\t\t\t\t\t\t\t\t<h2><strong>MTA<\/strong><\/h2><h4>Mostra de Trabalhos Acad\u00eamicos<\/h4>\t\t\t\t\t\t\t\t<\/div>\n\t\t\t\t<\/div>\n\t\t\t\t<\/a>\n\t\t\t\t\t<\/div>\n\t\t\t\t<\/div>\n\t\t<div class=\"elementor-element elementor-element-facf393 e-flex e-con-boxed e-con e-parent\" data-id=\"facf393\" data-element_type=\"container\">\n\t\t\t\t\t<div class=\"e-con-inner\">\n\t\t\t\t<div class=\"elementor-element elementor-element-de617ad elementor-widget elementor-widget-html\" data-id=\"de617ad\" data-element_type=\"widget\" data-widget_type=\"html.default\">\n\t\t\t\t<div class=\"elementor-widget-container\">\n\t\t\t\t\t<h1 style=\"text-align:center;color:#157C2E;font-familly: Rubik\">Local do Evento<\/h1>\n<iframe src=\"https:\/\/www.google.com\/maps\/embed?pb=!4v1718999355898!6m8!1m7!1sCAoSLEFGMVFpcE83VFZPLVEtTEFZZHRrZzJVWXJLV3lCRHpiNHp0MU1PRm01bk0y!2m2!1d-3.1255746!2d-58.4314147!3f1.4208720511153978!4f-39.356849915066206!5f0.4003259897384639\" width=\"600\" height=\"450\" style=\"border:0;\" allowfullscreen=\"\" loading=\"lazy\" referrerpolicy=\"no-referrer-when-downgrade\"><\/iframe>\t\t\t\t<\/div>\n\t\t\t\t<\/div>\n\t\t\t\t\t<\/div>\n\t\t\t\t<\/div>\n\t\t<div class=\"elementor-element elementor-element-4514764 e-flex e-con-boxed e-con e-parent\" data-id=\"4514764\" data-element_type=\"container\">\n\t\t\t\t\t<div class=\"e-con-inner\">\n\t\t\t\t<div class=\"elementor-element elementor-element-62b87d4 elementor-widget elementor-widget-google_maps\" data-id=\"62b87d4\" data-element_type=\"widget\" data-widget_type=\"google_maps.default\">\n\t\t\t\t<div class=\"elementor-widget-container\">\n\t\t\t\t\t\t\t<div class=\"elementor-custom-embed\">\n\t\t\t<iframe loading=\"lazy\"\n\t\t\t\t\tsrc=\"https:\/\/maps.google.com\/maps?q=2344%2C%20Av.%20M%C3%A1rio%20Andreazza%2C%202260%20-%20S%C3%A3o%20Francisco%2C%20Itacoatiara%20-%20AM%2C%2069100-000&#038;t=m&#038;z=19&#038;output=embed&#038;iwloc=near\"\n\t\t\t\t\ttitle=\"2344, Av. M\u00e1rio Andreazza, 2260 - S\u00e3o Francisco, Itacoatiara - AM, 69100-000\"\n\t\t\t\t\taria-label=\"2344, Av. M\u00e1rio Andreazza, 2260 - S\u00e3o Francisco, Itacoatiara - AM, 69100-000\"\n\t\t\t><\/iframe>\n\t\t<\/div>\n\t\t\t\t\t\t<\/div>\n\t\t\t\t<\/div>\n\t\t\t\t\t<\/div>\n\t\t\t\t<\/div>\n\t\t\t\t<\/div>\n\t\t","protected":false},"excerpt":{"rendered":"<p>XVII Simp\u00f3sio Amaz\u00f4nico de computa\u00e7\u00e3o e inova\u00e7\u00e3o 12 a 14 de novembro &#8211; Itacoatiara &#8211; am Computa\u00e7\u00e3o, Educa\u00e7\u00e3o e Inova\u00e7\u00e3o para o Desenvolvimento Sustent\u00e1vel na Amaz\u00f4nia Sobre o CESIT O\u00a0Centro de Estudos Superiores de Itacoatiara (CESIT), vinculado \u00e0\u00a0Universidade do Estado do Amazonas (UEA), \u00e9 uma institui\u00e7\u00e3o de ensino superior que oferece diversos cursos. Al\u00e9m de [&hellip;]<\/p>\n","protected":false},"author":1,"featured_media":0,"parent":0,"menu_order":0,"comment_status":"closed","ping_status":"closed","template":"elementor_header_footer","meta":{"footnotes":""},"class_list":["post-26","page","type-page","status-publish","hentry"],"_links":{"self":[{"href":"https:\/\/saci.uea.edu.br\/index.php?rest_route=\/wp\/v2\/pages\/26","targetHints":{"allow":["GET"]}}],"collection":[{"href":"https:\/\/saci.uea.edu.br\/index.php?rest_route=\/wp\/v2\/pages"}],"about":[{"href":"https:\/\/saci.uea.edu.br\/index.php?rest_route=\/wp\/v2\/types\/page"}],"author":[{"embeddable":true,"href":"https:\/\/saci.uea.edu.br\/index.php?rest_route=\/wp\/v2\/users\/1"}],"replies":[{"embeddable":true,"href":"https:\/\/saci.uea.edu.br\/index.php?rest_route=%2Fwp%2Fv2%2Fcomments&post=26"}],"version-history":[{"count":79,"href":"https:\/\/saci.uea.edu.br\/index.php?rest_route=\/wp\/v2\/pages\/26\/revisions"}],"predecessor-version":[{"id":1480,"href":"https:\/\/saci.uea.edu.br\/index.php?rest_route=\/wp\/v2\/pages\/26\/revisions\/1480"}],"wp:attachment":[{"href":"https:\/\/saci.uea.edu.br\/index.php?rest_route=%2Fwp%2Fv2%2Fmedia&parent=26"}],"curies":[{"name":"wp","href":"https:\/\/api.w.org\/{rel}","templated":true}]}}