{"id":1354,"date":"2025-08-21T20:00:50","date_gmt":"2025-08-21T23:00:50","guid":{"rendered":"https:\/\/saci.uea.edu.br\/?page_id=1354"},"modified":"2025-08-25T21:54:21","modified_gmt":"2025-08-26T00:54:21","slug":"hackcomp","status":"publish","type":"page","link":"https:\/\/saci.uea.edu.br\/?page_id=1354","title":{"rendered":"HackComp"},"content":{"rendered":"\t\t<div data-elementor-type=\"wp-page\" data-elementor-id=\"1354\" class=\"elementor elementor-1354\">\n\t\t\t\t<div class=\"elementor-element elementor-element-f9e3f4a e-flex e-con-boxed e-con e-parent\" data-id=\"f9e3f4a\" data-element_type=\"container\">\n\t\t\t\t\t<div class=\"e-con-inner\">\n\t\t\t\t<div class=\"elementor-element elementor-element-778dc8f elementor-widget elementor-widget-text-editor\" data-id=\"778dc8f\" data-element_type=\"widget\" data-widget_type=\"text-editor.default\">\n\t\t\t\t<div class=\"elementor-widget-container\">\n\t\t\t\t\t\t\t\t\t<h2 data-start=\"213\" data-end=\"286\">HackaComp &#8211; Competi\u00e7\u00e3o de Atividades para Educa\u00e7\u00e3o em Computa\u00e7\u00e3o\u00a0<\/h2><p data-start=\"288\" data-end=\"617\">O <strong data-start=\"290\" data-end=\"344\">HackaComp \u2013 Competi\u00e7\u00e3o de Atividades de Computa\u00e7\u00e3o<\/strong> \u00e9 uma iniciativa inovadora do curso de Licenciatura em Computa\u00e7\u00e3o do <strong data-start=\"414\" data-end=\"473\">Centro de Estudos Superiores de Itacoatiara (CESIT\/UEA)<\/strong>, realizada de <strong data-start=\"488\" data-end=\"519\">11 a 12 de novembro de 2025<\/strong>, como parte da programa\u00e7\u00e3o do <strong data-start=\"550\" data-end=\"614\">XVII Simp\u00f3sio Amaz\u00f4nico de Computa\u00e7\u00e3o e Inova\u00e7\u00e3o (SACI 2025)<\/strong>.<\/p><p data-start=\"619\" data-end=\"1140\">O HackaComp surge como um espa\u00e7o criativo e colaborativo que busca <strong data-start=\"686\" data-end=\"756\">estimular docentes da Educa\u00e7\u00e3o B\u00e1sica e licenciandos em Computa\u00e7\u00e3o<\/strong> a desenvolverem <strong data-start=\"773\" data-end=\"832\">atividades pedag\u00f3gicas l\u00fadicas, inovadoras e acess\u00edveis<\/strong>, voltadas para o ensino de Computa\u00e7\u00e3o na escola. O diferencial desta competi\u00e7\u00e3o \u00e9 a valoriza\u00e7\u00e3o das <strong data-start=\"933\" data-end=\"957\">pr\u00e1ticas desplugadas,<\/strong> atividades que n\u00e3o dependem do uso direto de computadores, permitindo que o conhecimento da \u00e1rea seja difundido mesmo em contextos escolares com recursos tecnol\u00f3gicos limitados.<\/p><h3 data-start=\"1142\" data-end=\"1168\">Objetivos principais<\/h3><ul><li data-start=\"1169\" data-end=\"1785\">Promover a <strong data-start=\"1183\" data-end=\"1214\">populariza\u00e7\u00e3o da Computa\u00e7\u00e3o<\/strong> como ci\u00eancia, contribuindo para sua inser\u00e7\u00e3o efetiva na Educa\u00e7\u00e3o B\u00e1sica.<br data-start=\"1287\" data-end=\"1290\" \/>Estimular a <strong data-start=\"1305\" data-end=\"1343\">criatividade e inova\u00e7\u00e3o pedag\u00f3gica<\/strong> na elabora\u00e7\u00e3o de atividades educativas alinhadas \u00e0 <strong data-start=\"1395\" data-end=\"1443\">BNCC \u2013 Complemento de Computa\u00e7\u00e3o (MEC, 2022)<\/strong>.<br data-start=\"1444\" data-end=\"1447\" \/>Conectar <strong data-start=\"1459\" data-end=\"1504\">professores, licenciandos e pesquisadores<\/strong> em uma rede colaborativa de troca de saberes e pr\u00e1ticas.<br data-start=\"1561\" data-end=\"1564\" \/>Incentivar o uso da <strong data-start=\"1587\" data-end=\"1604\">cultura maker<\/strong> e da aprendizagem ativa como estrat\u00e9gias de transforma\u00e7\u00e3o educacional.<br data-start=\"1675\" data-end=\"1678\" \/>Valorizar a doc\u00eancia e a produ\u00e7\u00e3o de conhecimento que nasce do di\u00e1logo entre universidade e sociedade.<\/li><\/ul><h3 data-start=\"1787\" data-end=\"1815\">Como ser\u00e1 o HackaComp?<\/h3><p>Durante os dois dias de evento, os participantes ter\u00e3o acesso a:<\/p><ul><li><strong>Imers\u00e3o e idea\u00e7\u00e3o com palestra de abertura<\/strong>, conduzidas por especialistas em competi\u00e7\u00f5es de Hackathon e\u00a0 de Computa\u00e7\u00e3o e Educa\u00e7\u00e3o.<\/li><li><strong data-start=\"2059\" data-end=\"2088\">Desenvolvimento em equipe<\/strong>, incentivando o trabalho coletivo e interdisciplinar.<\/li><li><strong data-start=\"2148\" data-end=\"2174\">Apresenta\u00e7\u00f5es p\u00fablicas<\/strong> dos projetos ao final da competi\u00e7\u00e3o.<\/li><li><strong data-start=\"2217\" data-end=\"2247\">Premia\u00e7\u00e3o e reconhecimento<\/strong> das melhores propostas, com destaque \u00e0s iniciativas de maior impacto educacional.<\/li><\/ul><p>Al\u00e9m da competi\u00e7\u00e3o em si, o HackaComp ter\u00e1 um legado duradouro. Tendo em vista que todas as atividades desenvolvidas ser\u00e3o <strong data-start=\"2437\" data-end=\"2495\">organizadas em um reposit\u00f3rio digital de acesso aberto<\/strong>, permitindo que outros professores da regi\u00e3o amaz\u00f4nica, ou de todo o Brasil, possam utilizar, adaptar e aplicar em suas realidades.<\/p><h3 data-start=\"2632\" data-end=\"2654\">Impacto esperado<\/h3><p data-start=\"2655\" data-end=\"3006\">Com o HackaComp, busca-se fortalecer a forma\u00e7\u00e3o inicial e continuada de professores, contribuir para a <strong data-start=\"2758\" data-end=\"2814\">transforma\u00e7\u00e3o das pr\u00e1ticas pedag\u00f3gicas em Computa\u00e7\u00e3o<\/strong> e ampliar o acesso de crian\u00e7as e jovens amaz\u00f4nidas a experi\u00eancias educativas de qualidade. A competi\u00e7\u00e3o tamb\u00e9m se alinha aos <strong data-start=\"2940\" data-end=\"2990\">Objetivos de Desenvolvimento Sustent\u00e1vel (ODS)<\/strong>, em especial:<\/p><ul data-start=\"3007\" data-end=\"3201\"><li data-start=\"3007\" data-end=\"3045\"><p data-start=\"3009\" data-end=\"3045\"><strong data-start=\"3009\" data-end=\"3018\">ODS 4<\/strong> \u2013 Educa\u00e7\u00e3o de qualidade;<\/p><\/li><li data-start=\"3046\" data-end=\"3103\"><p data-start=\"3048\" data-end=\"3103\"><strong data-start=\"3048\" data-end=\"3057\">ODS 8<\/strong> \u2013 Trabalho decente e crescimento econ\u00f4mico;<\/p><\/li><li data-start=\"3104\" data-end=\"3157\"><p data-start=\"3106\" data-end=\"3157\"><strong data-start=\"3106\" data-end=\"3115\">ODS 9<\/strong> \u2013 Ind\u00fastria, inova\u00e7\u00e3o e infraestrutura;<\/p><\/li><li data-start=\"3158\" data-end=\"3201\"><p data-start=\"3160\" data-end=\"3201\"><strong data-start=\"3160\" data-end=\"3170\">ODS 10<\/strong> \u2013 Redu\u00e7\u00e3o das desigualdades.<\/p><\/li><\/ul><h3 data-start=\"3203\" data-end=\"3229\">Informa\u00e7\u00f5es pr\u00e1ticas<\/h3><ul><li data-start=\"3230\" data-end=\"3413\"><strong data-start=\"3233\" data-end=\"3242\">Datas<\/strong>: 11 a 12 de novembro de 2025.<\/li><li data-start=\"3230\" data-end=\"3413\"><strong data-start=\"3277\" data-end=\"3286\">Local<\/strong>: CESIT\/UEA \u2013 Itacoatiara\/AM.<\/li><li data-start=\"3230\" data-end=\"3413\"><strong data-start=\"3320\" data-end=\"3348\">Regulamento e inscri\u00e7\u00f5es<\/strong>: em breve ser\u00e3o disponibilizados.<\/li><\/ul><p data-start=\"3420\" data-end=\"3712\">O HackaComp \u00e9 mais do que uma competi\u00e7\u00e3o. \u00c9 um <strong data-start=\"3469\" data-end=\"3515\">movimento coletivo de inova\u00e7\u00e3o educacional<\/strong>, que valoriza a ci\u00eancia, a cultura amaz\u00f4nica e a criatividade como caminhos para formar professores l\u00edderes e cidad\u00e3os cr\u00edticos, capazes de transformar a realidade social por meio da Computa\u00e7\u00e3o.<\/p>\t\t\t\t\t\t\t\t<\/div>\n\t\t\t\t<\/div>\n\t\t\t\t\t<\/div>\n\t\t\t\t<\/div>\n\t\t\t\t<\/div>\n\t\t","protected":false},"excerpt":{"rendered":"<p>HackaComp &#8211; Competi\u00e7\u00e3o de Atividades para Educa\u00e7\u00e3o em Computa\u00e7\u00e3o\u00a0 O HackaComp \u2013 Competi\u00e7\u00e3o de Atividades de Computa\u00e7\u00e3o \u00e9 uma iniciativa inovadora do curso de Licenciatura em Computa\u00e7\u00e3o do Centro de Estudos Superiores de Itacoatiara (CESIT\/UEA), realizada de 11 a 12 de novembro de 2025, como parte da programa\u00e7\u00e3o do XVII Simp\u00f3sio Amaz\u00f4nico de Computa\u00e7\u00e3o e [&hellip;]<\/p>\n","protected":false},"author":1,"featured_media":0,"parent":0,"menu_order":0,"comment_status":"closed","ping_status":"closed","template":"","meta":{"footnotes":""},"class_list":["post-1354","page","type-page","status-publish","hentry"],"_links":{"self":[{"href":"https:\/\/saci.uea.edu.br\/index.php?rest_route=\/wp\/v2\/pages\/1354","targetHints":{"allow":["GET"]}}],"collection":[{"href":"https:\/\/saci.uea.edu.br\/index.php?rest_route=\/wp\/v2\/pages"}],"about":[{"href":"https:\/\/saci.uea.edu.br\/index.php?rest_route=\/wp\/v2\/types\/page"}],"author":[{"embeddable":true,"href":"https:\/\/saci.uea.edu.br\/index.php?rest_route=\/wp\/v2\/users\/1"}],"replies":[{"embeddable":true,"href":"https:\/\/saci.uea.edu.br\/index.php?rest_route=%2Fwp%2Fv2%2Fcomments&post=1354"}],"version-history":[{"count":7,"href":"https:\/\/saci.uea.edu.br\/index.php?rest_route=\/wp\/v2\/pages\/1354\/revisions"}],"predecessor-version":[{"id":1467,"href":"https:\/\/saci.uea.edu.br\/index.php?rest_route=\/wp\/v2\/pages\/1354\/revisions\/1467"}],"wp:attachment":[{"href":"https:\/\/saci.uea.edu.br\/index.php?rest_route=%2Fwp%2Fv2%2Fmedia&parent=1354"}],"curies":[{"name":"wp","href":"https:\/\/api.w.org\/{rel}","templated":true}]}}